{"id":1030,"date":"2012-11-27T17:16:37","date_gmt":"2012-11-27T20:16:37","guid":{"rendered":"http:\/\/canosa.com\/kanzleiprofil\/"},"modified":"2017-09-12T11:04:09","modified_gmt":"2017-09-12T14:04:09","slug":"kanzleiprofil","status":"publish","type":"page","link":"https:\/\/canosa.com\/de\/kanzleiprofil\/","title":{"rendered":"Kanzleiprofil"},"content":{"rendered":"<p><b>Canosa Abogados <\/b>ist eine junge Anwaltskanzlei bestehend aus Fachanw\u00e4lten, die sich seit \u00fcber 15 Jahren auf alle Teilgebiete des Handelsrechts spezialisiert haben. Wir beraten unsere Kunden bei der Fertigung und Verhandlung von Handelsvertr\u00e4gen. Wir beraten insbesondere inl\u00e4ndische und ausl\u00e4ndische Unternehmen bei Ihren Aktivit\u00e4ten in Argentinien.<\/p>\n<p>Unsere Anw\u00e4lte bieten eine zweckm\u00e4\u00dfige, schnelle und n\u00fctzliche Beratung. Wir zeichnen uns durch Vertrauensw\u00fcrdigkeit, Verl\u00e4sslichkeit und Flexibilit\u00e4t aus, was unseren Kunden erlaubt, schnelle und effiziente Entscheidungen zu treffen.<\/p>\n<p>Unsere Beratungsdienstleistung bez\u00fcglich ausl\u00e4ndischer Investitionsm\u00f6glichkeiten wurde zu verschiedenen Gelegenheiten dank unserer Schnelligkeit bei der L\u00f6sung aller Transaktionen hochgesch\u00e4tzt.<\/p>\n<p>Au\u00dferdem beraten wir tagt\u00e4glich ausl\u00e4ndische Kunden zu allen komplexen Gesch\u00e4ftsvorg\u00e4ngen der Immobilienbranche. Wir behandeln alle hiermit verbundenen Anliegen bez\u00fcglich der Vorschriften der argentinischen Zentralbank (BCRA) und der notariellen und gesellschaftlichen T\u00e4tigkeit von im Ausland gegr\u00fcndeten Unternehmen.<\/p>\n<p>Wir besitzen umfassende Erfahrung in Fragen des geistigen Eigentums. Wir erledigen alle Formalit\u00e4ten f\u00fcr die Anmeldungen beim argentinischen Patentamt und bei den Patent\u00e4mtern Lateinamerikas.<\/p>\n","protected":false},"excerpt":{"rendered":"<p>Canosa Abogados ist eine junge Anwaltskanzlei bestehend aus Fachanw\u00e4lten, die sich seit \u00fcber 15 Jahren auf alle Teilgebiete des Handelsrechts spezialisiert haben. Wir beraten unsere Kunden bei der Fertigung und Verhandlung von Handelsvertr\u00e4gen. Wir beraten insbesondere inl\u00e4ndische und ausl\u00e4ndische Unternehmen bei Ihren Aktivit\u00e4ten in Argentinien. Unsere Anw\u00e4lte bieten eine zweckm\u00e4\u00dfige, schnelle und n\u00fctzliche Beratung. Wir &hellip; <a href=\"https:\/\/canosa.com\/de\/kanzleiprofil\/\">Continued<\/a><\/p>\n","protected":false},"author":1,"featured_media":4318,"parent":0,"menu_order":1,"comment_status":"closed","ping_status":"closed","template":"","meta":{"footnotes":""},"class_list":["post-1030","page","type-page","status-publish","has-post-thumbnail","hentry"],"acf":[],"yoast_head":"<!-- This site is optimized with the Yoast SEO plugin v20.1 - https:\/\/yoast.com\/wordpress\/plugins\/seo\/ -->\n<title>Kanzleiprofil | Canosa Abogados<\/title>\n<meta name=\"robots\" content=\"index, follow, max-snippet:-1, max-image-preview:large, max-video-preview:-1\" \/>\n<link rel=\"canonical\" href=\"https:\/\/canosa.com\/de\/kanzleiprofil\/\" \/>\n<meta property=\"og:locale\" content=\"de_DE\" \/>\n<meta property=\"og:type\" content=\"article\" \/>\n<meta property=\"og:title\" content=\"Kanzleiprofil | Canosa Abogados\" \/>\n<meta property=\"og:description\" content=\"Canosa Abogados ist eine junge Anwaltskanzlei bestehend aus Fachanw\u00e4lten, die sich seit \u00fcber 15 Jahren auf alle Teilgebiete des Handelsrechts spezialisiert haben. Wir beraten unsere Kunden bei der Fertigung und Verhandlung von Handelsvertr\u00e4gen. Wir beraten insbesondere inl\u00e4ndische und ausl\u00e4ndische Unternehmen bei Ihren Aktivit\u00e4ten in Argentinien. Unsere Anw\u00e4lte bieten eine zweckm\u00e4\u00dfige, schnelle und n\u00fctzliche Beratung. Wir &hellip; Continued\" \/>\n<meta property=\"og:url\" content=\"https:\/\/canosa.com\/de\/kanzleiprofil\/\" \/>\n<meta property=\"og:site_name\" content=\"Canosa Abogados\" \/>\n<meta property=\"article:modified_time\" content=\"2017-09-12T14:04:09+00:00\" \/>\n<meta name=\"twitter:label1\" content=\"Gesch\u00e4tzte Lesezeit\" \/>\n\t<meta name=\"twitter:data1\" content=\"1\u00a0Minute\" \/>\n<script type=\"application\/ld+json\" class=\"yoast-schema-graph\">{\"@context\":\"https:\/\/schema.org\",\"@graph\":[{\"@type\":\"WebPage\",\"@id\":\"https:\/\/canosa.com\/de\/kanzleiprofil\/\",\"url\":\"https:\/\/canosa.com\/de\/kanzleiprofil\/\",\"name\":\"Kanzleiprofil | Canosa Abogados\",\"isPartOf\":{\"@id\":\"https:\/\/canosa.com\/es\/#website\"},\"datePublished\":\"2012-11-27T20:16:37+00:00\",\"dateModified\":\"2017-09-12T14:04:09+00:00\",\"inLanguage\":\"de\",\"potentialAction\":[{\"@type\":\"ReadAction\",\"target\":[\"https:\/\/canosa.com\/de\/kanzleiprofil\/\"]}]},{\"@type\":\"WebSite\",\"@id\":\"https:\/\/canosa.com\/es\/#website\",\"url\":\"https:\/\/canosa.com\/es\/\",\"name\":\"Canosa Abogados\",\"description\":\"Abogados\",\"potentialAction\":[{\"@type\":\"SearchAction\",\"target\":{\"@type\":\"EntryPoint\",\"urlTemplate\":\"https:\/\/canosa.com\/es\/?s={search_term_string}\"},\"query-input\":\"required name=search_term_string\"}],\"inLanguage\":\"de\"}]}<\/script>\n<!-- \/ Yoast SEO plugin. -->","yoast_head_json":{"title":"Kanzleiprofil | Canosa Abogados","robots":{"index":"index","follow":"follow","max-snippet":"max-snippet:-1","max-image-preview":"max-image-preview:large","max-video-preview":"max-video-preview:-1"},"canonical":"https:\/\/canosa.com\/de\/kanzleiprofil\/","og_locale":"de_DE","og_type":"article","og_title":"Kanzleiprofil | Canosa Abogados","og_description":"Canosa Abogados ist eine junge Anwaltskanzlei bestehend aus Fachanw\u00e4lten, die sich seit \u00fcber 15 Jahren auf alle Teilgebiete des Handelsrechts spezialisiert haben. Wir beraten unsere Kunden bei der Fertigung und Verhandlung von Handelsvertr\u00e4gen. Wir beraten insbesondere inl\u00e4ndische und ausl\u00e4ndische Unternehmen bei Ihren Aktivit\u00e4ten in Argentinien. Unsere Anw\u00e4lte bieten eine zweckm\u00e4\u00dfige, schnelle und n\u00fctzliche Beratung. Wir &hellip; Continued","og_url":"https:\/\/canosa.com\/de\/kanzleiprofil\/","og_site_name":"Canosa Abogados","article_modified_time":"2017-09-12T14:04:09+00:00","twitter_misc":{"Gesch\u00e4tzte Lesezeit":"1\u00a0Minute"},"schema":{"@context":"https:\/\/schema.org","@graph":[{"@type":"WebPage","@id":"https:\/\/canosa.com\/de\/kanzleiprofil\/","url":"https:\/\/canosa.com\/de\/kanzleiprofil\/","name":"Kanzleiprofil | Canosa Abogados","isPartOf":{"@id":"https:\/\/canosa.com\/es\/#website"},"datePublished":"2012-11-27T20:16:37+00:00","dateModified":"2017-09-12T14:04:09+00:00","inLanguage":"de","potentialAction":[{"@type":"ReadAction","target":["https:\/\/canosa.com\/de\/kanzleiprofil\/"]}]},{"@type":"WebSite","@id":"https:\/\/canosa.com\/es\/#website","url":"https:\/\/canosa.com\/es\/","name":"Canosa Abogados","description":"Abogados","potentialAction":[{"@type":"SearchAction","target":{"@type":"EntryPoint","urlTemplate":"https:\/\/canosa.com\/es\/?s={search_term_string}"},"query-input":"required name=search_term_string"}],"inLanguage":"de"}]}},"_links":{"self":[{"href":"https:\/\/canosa.com\/de\/wp-json\/wp\/v2\/pages\/1030","targetHints":{"allow":["GET"]}}],"collection":[{"href":"https:\/\/canosa.com\/de\/wp-json\/wp\/v2\/pages"}],"about":[{"href":"https:\/\/canosa.com\/de\/wp-json\/wp\/v2\/types\/page"}],"author":[{"embeddable":true,"href":"https:\/\/canosa.com\/de\/wp-json\/wp\/v2\/users\/1"}],"replies":[{"embeddable":true,"href":"https:\/\/canosa.com\/de\/wp-json\/wp\/v2\/comments?post=1030"}],"version-history":[{"count":9,"href":"https:\/\/canosa.com\/de\/wp-json\/wp\/v2\/pages\/1030\/revisions"}],"predecessor-version":[{"id":3335,"href":"https:\/\/canosa.com\/de\/wp-json\/wp\/v2\/pages\/1030\/revisions\/3335"}],"wp:featuredmedia":[{"embeddable":true,"href":"https:\/\/canosa.com\/de\/wp-json\/wp\/v2\/media\/4318"}],"wp:attachment":[{"href":"https:\/\/canosa.com\/de\/wp-json\/wp\/v2\/media?parent=1030"}],"curies":[{"name":"wp","href":"https:\/\/api.w.org\/{rel}","templated":true}]}}