{"id":1039,"date":"2012-11-27T18:04:05","date_gmt":"2012-11-27T21:04:05","guid":{"rendered":"http:\/\/canosa.com\/vertretungen\/"},"modified":"2017-10-31T15:33:07","modified_gmt":"2017-10-31T18:33:07","slug":"vertretungen","status":"publish","type":"page","link":"https:\/\/canosa.com\/de\/vertretungen\/","title":{"rendered":"Vertretungen"},"content":{"rendered":"<div title=\"Page 2\">Zus\u00e4tzlich zu unserem B\u00fcro in der Hauptstadt der Provinz Buenos Aires besitzen wir Vertretungen in allen Hauptst\u00e4dten der argentinischen Provinzen. Wir besitzen au\u00dferdem B\u00fcros in wichtigen argentinischen St\u00e4dten wie Bariloche, Mar del Plata und Rosario. Unsere Kanzlei arbeitet mit anderen Kanzleien in verschiedenen St\u00e4dten der Welt zusammen. Wir pflegen eine gute Zusammenarbeit\u00a0mit jungen und dynamischen Kanzleien in Brasilien und Uruguay, in den wichtigsten St\u00e4dten Europas (Vereinigtes K\u00f6nigreich, Deutschland, Frankreich und Spanien) und in einigen L\u00e4ndern Asiens.<\/div>\n","protected":false},"excerpt":{"rendered":"<p>Zus\u00e4tzlich zu unserem B\u00fcro in der Hauptstadt der Provinz Buenos Aires besitzen wir Vertretungen in allen Hauptst\u00e4dten der argentinischen Provinzen. Wir besitzen au\u00dferdem B\u00fcros in wichtigen argentinischen St\u00e4dten wie Bariloche, Mar del Plata und Rosario. Unsere Kanzlei arbeitet mit anderen Kanzleien in verschiedenen St\u00e4dten der Welt zusammen. Wir pflegen eine gute Zusammenarbeit\u00a0mit jungen und dynamischen &hellip; <a href=\"https:\/\/canosa.com\/de\/vertretungen\/\">Continued<\/a><\/p>\n","protected":false},"author":1,"featured_media":4320,"parent":0,"menu_order":4,"comment_status":"closed","ping_status":"closed","template":"","meta":{"footnotes":""},"class_list":["post-1039","page","type-page","status-publish","has-post-thumbnail","hentry"],"acf":[],"yoast_head":"<!-- This site is optimized with the Yoast SEO plugin v20.1 - https:\/\/yoast.com\/wordpress\/plugins\/seo\/ -->\n<title>Vertretungen | Canosa Abogados<\/title>\n<meta name=\"robots\" content=\"index, follow, max-snippet:-1, max-image-preview:large, max-video-preview:-1\" \/>\n<link rel=\"canonical\" href=\"https:\/\/canosa.com\/de\/vertretungen\/\" \/>\n<meta property=\"og:locale\" content=\"de_DE\" \/>\n<meta property=\"og:type\" content=\"article\" \/>\n<meta property=\"og:title\" content=\"Vertretungen | Canosa Abogados\" \/>\n<meta property=\"og:description\" content=\"Zus\u00e4tzlich zu unserem B\u00fcro in der Hauptstadt der Provinz Buenos Aires besitzen wir Vertretungen in allen Hauptst\u00e4dten der argentinischen Provinzen. Wir besitzen au\u00dferdem B\u00fcros in wichtigen argentinischen St\u00e4dten wie Bariloche, Mar del Plata und Rosario. Unsere Kanzlei arbeitet mit anderen Kanzleien in verschiedenen St\u00e4dten der Welt zusammen. Wir pflegen eine gute Zusammenarbeit\u00a0mit jungen und dynamischen &hellip; Continued\" \/>\n<meta property=\"og:url\" content=\"https:\/\/canosa.com\/de\/vertretungen\/\" \/>\n<meta property=\"og:site_name\" content=\"Canosa Abogados\" \/>\n<meta property=\"article:modified_time\" content=\"2017-10-31T18:33:07+00:00\" \/>\n<script type=\"application\/ld+json\" class=\"yoast-schema-graph\">{\"@context\":\"https:\/\/schema.org\",\"@graph\":[{\"@type\":\"WebPage\",\"@id\":\"https:\/\/canosa.com\/de\/vertretungen\/\",\"url\":\"https:\/\/canosa.com\/de\/vertretungen\/\",\"name\":\"Vertretungen | Canosa Abogados\",\"isPartOf\":{\"@id\":\"https:\/\/canosa.com\/es\/#website\"},\"datePublished\":\"2012-11-27T21:04:05+00:00\",\"dateModified\":\"2017-10-31T18:33:07+00:00\",\"inLanguage\":\"de\",\"potentialAction\":[{\"@type\":\"ReadAction\",\"target\":[\"https:\/\/canosa.com\/de\/vertretungen\/\"]}]},{\"@type\":\"WebSite\",\"@id\":\"https:\/\/canosa.com\/es\/#website\",\"url\":\"https:\/\/canosa.com\/es\/\",\"name\":\"Canosa Abogados\",\"description\":\"Abogados\",\"potentialAction\":[{\"@type\":\"SearchAction\",\"target\":{\"@type\":\"EntryPoint\",\"urlTemplate\":\"https:\/\/canosa.com\/es\/?s={search_term_string}\"},\"query-input\":\"required name=search_term_string\"}],\"inLanguage\":\"de\"}]}<\/script>\n<!-- \/ Yoast SEO plugin. -->","yoast_head_json":{"title":"Vertretungen | Canosa Abogados","robots":{"index":"index","follow":"follow","max-snippet":"max-snippet:-1","max-image-preview":"max-image-preview:large","max-video-preview":"max-video-preview:-1"},"canonical":"https:\/\/canosa.com\/de\/vertretungen\/","og_locale":"de_DE","og_type":"article","og_title":"Vertretungen | Canosa Abogados","og_description":"Zus\u00e4tzlich zu unserem B\u00fcro in der Hauptstadt der Provinz Buenos Aires besitzen wir Vertretungen in allen Hauptst\u00e4dten der argentinischen Provinzen. Wir besitzen au\u00dferdem B\u00fcros in wichtigen argentinischen St\u00e4dten wie Bariloche, Mar del Plata und Rosario. Unsere Kanzlei arbeitet mit anderen Kanzleien in verschiedenen St\u00e4dten der Welt zusammen. Wir pflegen eine gute Zusammenarbeit\u00a0mit jungen und dynamischen &hellip; Continued","og_url":"https:\/\/canosa.com\/de\/vertretungen\/","og_site_name":"Canosa Abogados","article_modified_time":"2017-10-31T18:33:07+00:00","schema":{"@context":"https:\/\/schema.org","@graph":[{"@type":"WebPage","@id":"https:\/\/canosa.com\/de\/vertretungen\/","url":"https:\/\/canosa.com\/de\/vertretungen\/","name":"Vertretungen | Canosa Abogados","isPartOf":{"@id":"https:\/\/canosa.com\/es\/#website"},"datePublished":"2012-11-27T21:04:05+00:00","dateModified":"2017-10-31T18:33:07+00:00","inLanguage":"de","potentialAction":[{"@type":"ReadAction","target":["https:\/\/canosa.com\/de\/vertretungen\/"]}]},{"@type":"WebSite","@id":"https:\/\/canosa.com\/es\/#website","url":"https:\/\/canosa.com\/es\/","name":"Canosa Abogados","description":"Abogados","potentialAction":[{"@type":"SearchAction","target":{"@type":"EntryPoint","urlTemplate":"https:\/\/canosa.com\/es\/?s={search_term_string}"},"query-input":"required name=search_term_string"}],"inLanguage":"de"}]}},"_links":{"self":[{"href":"https:\/\/canosa.com\/de\/wp-json\/wp\/v2\/pages\/1039","targetHints":{"allow":["GET"]}}],"collection":[{"href":"https:\/\/canosa.com\/de\/wp-json\/wp\/v2\/pages"}],"about":[{"href":"https:\/\/canosa.com\/de\/wp-json\/wp\/v2\/types\/page"}],"author":[{"embeddable":true,"href":"https:\/\/canosa.com\/de\/wp-json\/wp\/v2\/users\/1"}],"replies":[{"embeddable":true,"href":"https:\/\/canosa.com\/de\/wp-json\/wp\/v2\/comments?post=1039"}],"version-history":[{"count":6,"href":"https:\/\/canosa.com\/de\/wp-json\/wp\/v2\/pages\/1039\/revisions"}],"predecessor-version":[{"id":3401,"href":"https:\/\/canosa.com\/de\/wp-json\/wp\/v2\/pages\/1039\/revisions\/3401"}],"wp:featuredmedia":[{"embeddable":true,"href":"https:\/\/canosa.com\/de\/wp-json\/wp\/v2\/media\/4320"}],"wp:attachment":[{"href":"https:\/\/canosa.com\/de\/wp-json\/wp\/v2\/media?parent=1039"}],"curies":[{"name":"wp","href":"https:\/\/api.w.org\/{rel}","templated":true}]}}