{"id":1048,"date":"2012-11-27T18:11:44","date_gmt":"2012-11-27T21:11:44","guid":{"rendered":"http:\/\/canosa.com\/home-page-3\/"},"modified":"2024-10-25T12:18:29","modified_gmt":"2024-10-25T15:18:29","slug":"home-page","status":"publish","type":"page","link":"https:\/\/canosa.com\/de\/","title":{"rendered":"Home Page"},"content":{"rendered":"<h1>Unsere Ideen haben Vorrang<\/h1>\n<p>Wir sind eine Gruppe junger Anw\u00e4lte, die auf verschiedene Rechtsgebiete in Argentinien spezialisiert sind. Wir zeichnen uns dadurch aus, dass wir unseren Kunden praktische und zeitsparende Beratung bieten.<\/p>\n<p>Bei&nbsp;<b>Canosa Abogados&nbsp;<\/b>sind Integrit\u00e4t, Ethik und Ehrbarkeit Werte, die jedes Mitglied unserer Organisation vertritt.<\/p>\n<p>Wir hoffen, Sie bald bei&nbsp;<b>Canosa Abogados \/ Rechtsanw\u00e4lte<\/b>&nbsp;zu begr\u00fc\u00dfen.<\/p>\n<h3><a title=\"Perfil del Estudio\" href=\"http:\/\/canosa.com\/de\/kanzleiprofil\/\">EINTRAGEN<\/a><\/h3>\n<h1>Nuestras ideas prevalecen<\/h1>\n<p>Somos un grupo de abogados j\u00f3venes destacados en distintas ramas del derecho en la Argentina. Nos caracterizamos por proveer a nuestros clientes con un asesoramiento que es efectivo en cuanto al tiempo empleado y pr\u00e1ctico.<\/p>\n<p align=\"justify\">En Canosa Abogados, la integridad, la \u00e9tica y la honestidad son valores reflejados por todos y cada uno de los miembros de nuestra organizaci\u00f3n.<\/p>\n<p>Esperamos que se pueda unir a nosotros pronto en Canosa Abogados.<\/p>\n<h3><a title=\"Perfil del Estudio\" href=\"http:\/\/canosa.com\/perfil-del-estudio\/\">INGRESAR<\/a><\/h3>\n<h1>Our ideas prevail<\/h1>\n<p>We are a group of young driven lawyers who have consistently succeeded in different fields of the Argentine legal market. Our characteristic is that we provide our clients with advice that is timely efficient, practical and usable.<\/p>\n<p>At Canosa Abogados, integrity, ethical standards and honesty are values reflected by each of the members of our organization.<\/p>\n<p>We hope you join us soon at Canosa Abogados.<\/p>\n<h3><a title=\"Perfil del Estudio\" href=\"http:\/\/canosa.com\/en\/firm-profile\/\">ENTER<\/a><\/h3>\n<p><a href=\"http:\/\/canosa.com\/app\/uploads\/Dibujo.bmp\"><img loading=\"lazy\" decoding=\"async\" class=\"alignnone size-medium wp-image-812\" src=\"http:\/\/canosa.com\/app\/uploads\/Dibujo.bmp\" alt=\"Dibujo\" width=\"1\" height=\"1\"><\/a><\/p>\n","protected":false},"excerpt":{"rendered":"<p>Unsere Ideen haben Vorrang Wir sind eine Gruppe junger Anw\u00e4lte, die auf verschiedene Rechtsgebiete in Argentinien spezialisiert sind. Wir zeichnen uns dadurch aus, dass wir unseren Kunden praktische und zeitsparende Beratung bieten. Bei&nbsp;Canosa Abogados&nbsp;sind Integrit\u00e4t, Ethik und Ehrbarkeit Werte, die jedes Mitglied unserer Organisation vertritt. Wir hoffen, Sie bald bei&nbsp;Canosa Abogados \/ Rechtsanw\u00e4lte&nbsp;zu begr\u00fc\u00dfen. EINTRAGEN &hellip; <a href=\"https:\/\/canosa.com\/de\/\">Continued<\/a><\/p>\n","protected":false},"author":1,"featured_media":233,"parent":0,"menu_order":0,"comment_status":"closed","ping_status":"open","template":"","meta":{"footnotes":""},"class_list":["post-1048","page","type-page","status-publish","has-post-thumbnail","hentry"],"acf":[],"yoast_head":"<!-- This site is optimized with the Yoast SEO plugin v20.1 - https:\/\/yoast.com\/wordpress\/plugins\/seo\/ -->\n<title>Canosa Abogados<\/title>\n<meta name=\"robots\" content=\"index, follow, max-snippet:-1, max-image-preview:large, max-video-preview:-1\" \/>\n<link rel=\"canonical\" href=\"https:\/\/canosa.com\/de\/\" \/>\n<meta property=\"og:locale\" content=\"de_DE\" \/>\n<meta property=\"og:type\" content=\"article\" \/>\n<meta property=\"og:title\" content=\"Canosa Abogados\" \/>\n<meta property=\"og:description\" content=\"Unsere Ideen haben Vorrang Wir sind eine Gruppe junger Anw\u00e4lte, die auf verschiedene Rechtsgebiete in Argentinien spezialisiert sind. Wir zeichnen uns dadurch aus, dass wir unseren Kunden praktische und zeitsparende Beratung bieten. Bei&nbsp;Canosa Abogados&nbsp;sind Integrit\u00e4t, Ethik und Ehrbarkeit Werte, die jedes Mitglied unserer Organisation vertritt. Wir hoffen, Sie bald bei&nbsp;Canosa Abogados \/ Rechtsanw\u00e4lte&nbsp;zu begr\u00fc\u00dfen. EINTRAGEN &hellip; Continued\" \/>\n<meta property=\"og:url\" content=\"https:\/\/canosa.com\/de\/\" \/>\n<meta property=\"og:site_name\" content=\"Canosa Abogados\" \/>\n<meta property=\"article:modified_time\" content=\"2024-10-25T15:18:29+00:00\" \/>\n<meta property=\"og:image\" content=\"https:\/\/canosa.com\/app\/uploads\/congreso-de-la-nacion.jpg\" \/>\n\t<meta property=\"og:image:width\" content=\"1\" \/>\n\t<meta property=\"og:image:height\" content=\"1\" \/>\n\t<meta property=\"og:image:type\" content=\"image\/jpeg\" \/>\n<meta name=\"twitter:label1\" content=\"Gesch\u00e4tzte Lesezeit\" \/>\n\t<meta name=\"twitter:data1\" content=\"2\u00a0Minuten\" \/>\n<script type=\"application\/ld+json\" class=\"yoast-schema-graph\">{\"@context\":\"https:\/\/schema.org\",\"@graph\":[{\"@type\":\"WebPage\",\"@id\":\"https:\/\/canosa.com\/de\/\",\"url\":\"https:\/\/canosa.com\/de\/\",\"name\":\"Canosa Abogados\",\"isPartOf\":{\"@id\":\"https:\/\/canosa.com\/es\/#website\"},\"datePublished\":\"2012-11-27T21:11:44+00:00\",\"dateModified\":\"2024-10-25T15:18:29+00:00\",\"inLanguage\":\"de\",\"potentialAction\":[{\"@type\":\"ReadAction\",\"target\":[\"https:\/\/canosa.com\/de\/\"]}]},{\"@type\":\"WebSite\",\"@id\":\"https:\/\/canosa.com\/es\/#website\",\"url\":\"https:\/\/canosa.com\/es\/\",\"name\":\"Canosa Abogados\",\"description\":\"Abogados\",\"potentialAction\":[{\"@type\":\"SearchAction\",\"target\":{\"@type\":\"EntryPoint\",\"urlTemplate\":\"https:\/\/canosa.com\/es\/?s={search_term_string}\"},\"query-input\":\"required name=search_term_string\"}],\"inLanguage\":\"de\"}]}<\/script>\n<!-- \/ Yoast SEO plugin. -->","yoast_head_json":{"title":"Canosa Abogados","robots":{"index":"index","follow":"follow","max-snippet":"max-snippet:-1","max-image-preview":"max-image-preview:large","max-video-preview":"max-video-preview:-1"},"canonical":"https:\/\/canosa.com\/de\/","og_locale":"de_DE","og_type":"article","og_title":"Canosa Abogados","og_description":"Unsere Ideen haben Vorrang Wir sind eine Gruppe junger Anw\u00e4lte, die auf verschiedene Rechtsgebiete in Argentinien spezialisiert sind. Wir zeichnen uns dadurch aus, dass wir unseren Kunden praktische und zeitsparende Beratung bieten. Bei&nbsp;Canosa Abogados&nbsp;sind Integrit\u00e4t, Ethik und Ehrbarkeit Werte, die jedes Mitglied unserer Organisation vertritt. Wir hoffen, Sie bald bei&nbsp;Canosa Abogados \/ Rechtsanw\u00e4lte&nbsp;zu begr\u00fc\u00dfen. EINTRAGEN &hellip; Continued","og_url":"https:\/\/canosa.com\/de\/","og_site_name":"Canosa Abogados","article_modified_time":"2024-10-25T15:18:29+00:00","og_image":[{"url":"https:\/\/canosa.com\/app\/uploads\/congreso-de-la-nacion.jpg","width":1,"height":1,"type":"image\/jpeg"}],"twitter_misc":{"Gesch\u00e4tzte Lesezeit":"2\u00a0Minuten"},"schema":{"@context":"https:\/\/schema.org","@graph":[{"@type":"WebPage","@id":"https:\/\/canosa.com\/de\/","url":"https:\/\/canosa.com\/de\/","name":"Canosa Abogados","isPartOf":{"@id":"https:\/\/canosa.com\/es\/#website"},"datePublished":"2012-11-27T21:11:44+00:00","dateModified":"2024-10-25T15:18:29+00:00","inLanguage":"de","potentialAction":[{"@type":"ReadAction","target":["https:\/\/canosa.com\/de\/"]}]},{"@type":"WebSite","@id":"https:\/\/canosa.com\/es\/#website","url":"https:\/\/canosa.com\/es\/","name":"Canosa Abogados","description":"Abogados","potentialAction":[{"@type":"SearchAction","target":{"@type":"EntryPoint","urlTemplate":"https:\/\/canosa.com\/es\/?s={search_term_string}"},"query-input":"required name=search_term_string"}],"inLanguage":"de"}]}},"_links":{"self":[{"href":"https:\/\/canosa.com\/de\/wp-json\/wp\/v2\/pages\/1048","targetHints":{"allow":["GET"]}}],"collection":[{"href":"https:\/\/canosa.com\/de\/wp-json\/wp\/v2\/pages"}],"about":[{"href":"https:\/\/canosa.com\/de\/wp-json\/wp\/v2\/types\/page"}],"author":[{"embeddable":true,"href":"https:\/\/canosa.com\/de\/wp-json\/wp\/v2\/users\/1"}],"replies":[{"embeddable":true,"href":"https:\/\/canosa.com\/de\/wp-json\/wp\/v2\/comments?post=1048"}],"version-history":[{"count":12,"href":"https:\/\/canosa.com\/de\/wp-json\/wp\/v2\/pages\/1048\/revisions"}],"predecessor-version":[{"id":5550,"href":"https:\/\/canosa.com\/de\/wp-json\/wp\/v2\/pages\/1048\/revisions\/5550"}],"wp:featuredmedia":[{"embeddable":true,"href":"https:\/\/canosa.com\/de\/wp-json\/wp\/v2\/media\/233"}],"wp:attachment":[{"href":"https:\/\/canosa.com\/de\/wp-json\/wp\/v2\/media?parent=1048"}],"curies":[{"name":"wp","href":"https:\/\/api.w.org\/{rel}","templated":true}]}}