{"id":17,"date":"2012-11-27T18:04:05","date_gmt":"2012-11-27T21:04:05","guid":{"rendered":"http:\/\/canosa.com\/?page_id=17"},"modified":"2024-10-24T14:10:20","modified_gmt":"2024-10-24T17:10:20","slug":"corresponsales","status":"publish","type":"page","link":"https:\/\/canosa.com\/es\/corresponsales\/","title":{"rendered":"Corresponsales"},"content":{"rendered":"<p>Canosa Abogados est\u00e1 orgulloso de ser miembro exclusivo de International Referral Group (IR). IR es una organizaci\u00f3n mundial de 800 miembros de todo el mundo y opera en servicios legales, contables, financieros y de transacciones. Cada firma miembro se centra en sus m\u00e1ximas competencia y experiencia para asegurar el asesoramiento de m\u00e1s alta calidad. IR cuenta con representantes de m\u00e1s de 140 jurisdicciones, m\u00e1s de 70 a\u00e9reas de pr\u00e1ctica y ofrece la red m\u00e1s extensa del mundo de los principales estudios de asesor\u00eda.<\/p>\n<p>El proceso de selecci\u00f3n garantiza que todas las empresas sean de la mejor calidad, sean afines y compartan el ethos del servicio al cliente. Ello ofrece un grupo que no solo es bien conocido por la calidad de sus estudios, sino tambi\u00e9n por los individuos que en ellas se encuentran. La membrec\u00eda ofrece a nuestros clientes una incomparable red de asesores aprobados en cada jurisdicci\u00f3n que puede asistirlos con todas sus exigencias internacionales. Asimismo, somos recomendados a todos los miembros de IR y sus clientes para cuando requieren en Argentina asistencia en Derecho Corporativo, Fusiones y Adquisiciones.<\/p>\n<p>\u00ab<em>Compartimos la misma pasi\u00f3n en ofrecer un servicio de m\u00e1xima calidad y consultor\u00eda. En nombre de International Referral, estoy encantado de recomendar a este estudio y estamos orgullosos de estar asociados con Canosa Abogados<\/em>\u00bb<\/p>\n<p>Ross Nicholls, Director de Desarrollo de Negocios de International Referral<\/p>\n<p><a href=\"http:\/\/www.international-referral.com\" target=\"_blank\" rel=\"noopener\">www.international-referral.com<\/a><\/p>\n<p>&nbsp;<\/p>\n<p>Adem\u00e1s de tener una oficina en la capital de la provincia de Buenos Aires, tenemos corresponsales en todas las capitales de las provincias Argentinas. Adicionalmente, tenemos corresponsales en ciudades importantes de la Argentina, como Bariloche, Mar del Plata y Rosario. El estudio trabaja con numerosos estudios en distintas ciudades del mundo. En este sentido, tenemos entendimientos de trabajo con estudios j\u00f3venes y pujantes en Brasil y Uruguay, en los principales pa\u00edses de Europa (Reino Unido, Alemania, Francia y Espa\u00f1a) y en algunos pa\u00edses de Asia.<\/p>\n<p>&nbsp;<\/p>\n<p>En los Emiratos \u00c1rabes Unidos, el estudio trabaja en conjunto con Hussain Lootah &amp; Associates. Dicha empresa fue fundada en abril de 1997 por Hussain Lootah con el objetivo de crear una firma legal \u00fanica, que provea una amplia gama de servicios legales y consulta a entidades del sector p\u00fablico, individuos y empresas privadas, siendo una de los principales estudios de abogados en el Consejo de Cooperaci\u00f3n para los Estados \u00c1rabes del Golfo (CCEAG).<\/p>\n<p>Hussain Lootah &amp; Associates tiene oficinas de representaci\u00f3n en todo el mundo y siempre puede asistir en cualquier pa\u00eds a trav\u00e9s de una red construida durante 15 a\u00f1os de actividad. Hussain Lootah &amp; Associates asesoran tanto a nivel internacional como a nivel nacional, en derecho civil, en transacciones locales y transfronterizas, en las operaciones del d\u00eda a d\u00eda, as\u00ed como sobre los acuerdos m\u00e1s desafiantes. Hussain Lootah &amp; Associates tiene como objetivo proporcionar servicios jur\u00eddicos de m\u00e1s alta calidad disponible, lograr el \u00e9xito excepcional, pero siempre ir m\u00e1s all\u00e1.<\/p>\n<p><a style=\"line-height: 1.428571429; background-color: #ffffff;\" href=\"http:\/\/canosa.com\/app\/uploads\/10-x-12.jpg\"><img loading=\"lazy\" decoding=\"async\" class=\"alignnone wp-image-727\" src=\"http:\/\/canosa.com\/app\/uploads\/10-x-12-250x300.jpg\" alt=\"10 x 12\" width=\"105\" height=\"126\" srcset=\"https:\/\/canosa.com\/app\/uploads\/10-x-12-250x300.jpg 250w, https:\/\/canosa.com\/app\/uploads\/10-x-12.jpg 336w\" sizes=\"auto, (max-width: 105px) 100vw, 105px\" \/><\/a><\/p>\n<p>&nbsp;<\/p>\n","protected":false},"excerpt":{"rendered":"<p>Canosa Abogados est\u00e1 orgulloso de ser miembro exclusivo de International Referral Group (IR). IR es una organizaci\u00f3n mundial de 800 miembros de todo el mundo y opera en servicios legales, contables, financieros y de transacciones. Cada firma miembro se centra en sus m\u00e1ximas competencia y experiencia para asegurar el asesoramiento de m\u00e1s alta calidad. IR &hellip; <a href=\"https:\/\/canosa.com\/es\/corresponsales\/\">Continued<\/a><\/p>\n","protected":false},"author":1,"featured_media":113,"parent":0,"menu_order":4,"comment_status":"closed","ping_status":"closed","template":"","meta":{"footnotes":""},"class_list":["post-17","page","type-page","status-publish","has-post-thumbnail","hentry"],"acf":[],"yoast_head":"<!-- This site is optimized with the Yoast SEO plugin v20.1 - https:\/\/yoast.com\/wordpress\/plugins\/seo\/ -->\n<title>Corresponsales | Canosa Abogados<\/title>\n<meta name=\"description\" content=\"Nuestros abogados participan activamente en STEP(Society of Trust and Estate Practitioners), ABA(American Bar Association), IBA(international Bar Association)\" \/>\n<meta name=\"robots\" content=\"index, follow, max-snippet:-1, max-image-preview:large, max-video-preview:-1\" \/>\n<link rel=\"canonical\" href=\"https:\/\/canosa.com\/es\/corresponsales\/\" \/>\n<meta property=\"og:locale\" content=\"es_ES\" \/>\n<meta property=\"og:type\" content=\"article\" \/>\n<meta property=\"og:title\" content=\"Corresponsales | Canosa Abogados\" \/>\n<meta property=\"og:description\" content=\"Nuestros abogados participan activamente en STEP(Society of Trust and Estate Practitioners), ABA(American Bar Association), IBA(international Bar Association)\" \/>\n<meta property=\"og:url\" content=\"https:\/\/canosa.com\/es\/corresponsales\/\" \/>\n<meta property=\"og:site_name\" content=\"Canosa Abogados\" \/>\n<meta property=\"article:modified_time\" content=\"2024-10-24T17:10:20+00:00\" \/>\n<meta property=\"og:image\" content=\"https:\/\/canosa.com\/app\/uploads\/barrio-catalinas.jpg\" \/>\n\t<meta property=\"og:image:width\" content=\"1\" \/>\n\t<meta property=\"og:image:height\" content=\"1\" \/>\n\t<meta property=\"og:image:type\" content=\"image\/jpeg\" \/>\n<meta name=\"twitter:label1\" content=\"Tiempo de lectura\" \/>\n\t<meta name=\"twitter:data1\" content=\"3 minutos\" \/>\n<script type=\"application\/ld+json\" class=\"yoast-schema-graph\">{\"@context\":\"https:\/\/schema.org\",\"@graph\":[{\"@type\":\"WebPage\",\"@id\":\"https:\/\/canosa.com\/es\/corresponsales\/\",\"url\":\"https:\/\/canosa.com\/es\/corresponsales\/\",\"name\":\"Corresponsales | Canosa Abogados\",\"isPartOf\":{\"@id\":\"https:\/\/canosa.com\/es\/#website\"},\"datePublished\":\"2012-11-27T21:04:05+00:00\",\"dateModified\":\"2024-10-24T17:10:20+00:00\",\"description\":\"Nuestros abogados participan activamente en STEP(Society of Trust and Estate Practitioners), ABA(American Bar Association), IBA(international Bar Association)\",\"inLanguage\":\"es\",\"potentialAction\":[{\"@type\":\"ReadAction\",\"target\":[\"https:\/\/canosa.com\/es\/corresponsales\/\"]}]},{\"@type\":\"WebSite\",\"@id\":\"https:\/\/canosa.com\/es\/#website\",\"url\":\"https:\/\/canosa.com\/es\/\",\"name\":\"Canosa Abogados\",\"description\":\"Abogados\",\"potentialAction\":[{\"@type\":\"SearchAction\",\"target\":{\"@type\":\"EntryPoint\",\"urlTemplate\":\"https:\/\/canosa.com\/es\/?s={search_term_string}\"},\"query-input\":\"required name=search_term_string\"}],\"inLanguage\":\"es\"}]}<\/script>\n<!-- \/ Yoast SEO plugin. -->","yoast_head_json":{"title":"Corresponsales | Canosa Abogados","description":"Nuestros abogados participan activamente en STEP(Society of Trust and Estate Practitioners), ABA(American Bar Association), IBA(international Bar Association)","robots":{"index":"index","follow":"follow","max-snippet":"max-snippet:-1","max-image-preview":"max-image-preview:large","max-video-preview":"max-video-preview:-1"},"canonical":"https:\/\/canosa.com\/es\/corresponsales\/","og_locale":"es_ES","og_type":"article","og_title":"Corresponsales | Canosa Abogados","og_description":"Nuestros abogados participan activamente en STEP(Society of Trust and Estate Practitioners), ABA(American Bar Association), IBA(international Bar Association)","og_url":"https:\/\/canosa.com\/es\/corresponsales\/","og_site_name":"Canosa Abogados","article_modified_time":"2024-10-24T17:10:20+00:00","og_image":[{"url":"https:\/\/canosa.com\/app\/uploads\/barrio-catalinas.jpg","width":1,"height":1,"type":"image\/jpeg"}],"twitter_misc":{"Tiempo de lectura":"3 minutos"},"schema":{"@context":"https:\/\/schema.org","@graph":[{"@type":"WebPage","@id":"https:\/\/canosa.com\/es\/corresponsales\/","url":"https:\/\/canosa.com\/es\/corresponsales\/","name":"Corresponsales | Canosa Abogados","isPartOf":{"@id":"https:\/\/canosa.com\/es\/#website"},"datePublished":"2012-11-27T21:04:05+00:00","dateModified":"2024-10-24T17:10:20+00:00","description":"Nuestros abogados participan activamente en STEP(Society of Trust and Estate Practitioners), ABA(American Bar Association), IBA(international Bar Association)","inLanguage":"es","potentialAction":[{"@type":"ReadAction","target":["https:\/\/canosa.com\/es\/corresponsales\/"]}]},{"@type":"WebSite","@id":"https:\/\/canosa.com\/es\/#website","url":"https:\/\/canosa.com\/es\/","name":"Canosa Abogados","description":"Abogados","potentialAction":[{"@type":"SearchAction","target":{"@type":"EntryPoint","urlTemplate":"https:\/\/canosa.com\/es\/?s={search_term_string}"},"query-input":"required name=search_term_string"}],"inLanguage":"es"}]}},"_links":{"self":[{"href":"https:\/\/canosa.com\/es\/wp-json\/wp\/v2\/pages\/17","targetHints":{"allow":["GET"]}}],"collection":[{"href":"https:\/\/canosa.com\/es\/wp-json\/wp\/v2\/pages"}],"about":[{"href":"https:\/\/canosa.com\/es\/wp-json\/wp\/v2\/types\/page"}],"author":[{"embeddable":true,"href":"https:\/\/canosa.com\/es\/wp-json\/wp\/v2\/users\/1"}],"replies":[{"embeddable":true,"href":"https:\/\/canosa.com\/es\/wp-json\/wp\/v2\/comments?post=17"}],"version-history":[{"count":33,"href":"https:\/\/canosa.com\/es\/wp-json\/wp\/v2\/pages\/17\/revisions"}],"predecessor-version":[{"id":5519,"href":"https:\/\/canosa.com\/es\/wp-json\/wp\/v2\/pages\/17\/revisions\/5519"}],"wp:featuredmedia":[{"embeddable":true,"href":"https:\/\/canosa.com\/es\/wp-json\/wp\/v2\/media\/113"}],"wp:attachment":[{"href":"https:\/\/canosa.com\/es\/wp-json\/wp\/v2\/media?parent=17"}],"curies":[{"name":"wp","href":"https:\/\/api.w.org\/{rel}","templated":true}]}}