{"id":22,"date":"2012-11-27T18:11:10","date_gmt":"2012-11-27T21:11:10","guid":{"rendered":"http:\/\/canosa.com\/?page_id=22"},"modified":"2024-10-24T14:02:11","modified_gmt":"2024-10-24T17:02:11","slug":"contacto","status":"publish","type":"page","link":"https:\/\/canosa.com\/es\/contacto\/","title":{"rendered":"Contacto"},"content":{"rendered":"<p>Cont\u00e1ctenos escribi\u00e9ndonos a <a href=\"mailto:info@canosa.com.ar\">info@canosa.com.ar<\/a>, llamando a los tel\u00e9fonos (54-11) 5252-2462 \/ 5252-2463 \u00f3 a trav\u00e9s del siguiente formulario:<\/p>\n<div class=\"col-sm-6\">\n<div class=\"wpcf7 no-js\" id=\"wpcf7-f215-o1\" lang=\"en-US\" dir=\"ltr\">\n<div class=\"screen-reader-response\"><p role=\"status\" aria-live=\"polite\" aria-atomic=\"true\"><\/p> <ul><\/ul><\/div>\n<form action=\"\/es\/wp-json\/wp\/v2\/pages\/22#wpcf7-f215-o1\" method=\"post\" class=\"wpcf7-form init\" aria-label=\"Contact form\" novalidate=\"novalidate\" data-status=\"init\">\n<div style=\"display: none;\">\n<input type=\"hidden\" name=\"_wpcf7\" value=\"215\" \/>\n<input type=\"hidden\" name=\"_wpcf7_version\" value=\"5.7.3\" \/>\n<input type=\"hidden\" name=\"_wpcf7_locale\" value=\"en_US\" \/>\n<input type=\"hidden\" name=\"_wpcf7_unit_tag\" value=\"wpcf7-f215-o1\" \/>\n<input type=\"hidden\" name=\"_wpcf7_container_post\" value=\"0\" \/>\n<input type=\"hidden\" name=\"_wpcf7_posted_data_hash\" value=\"\" \/>\n<\/div>\n<div class=\"form-group\">\n  <label for=\"nombre\" class=\"control-label hidden\">Nombre(*)<\/label>\n  <span class=\"wpcf7-form-control-wrap\" data-name=\"nombre\"><input size=\"40\" class=\"wpcf7-form-control wpcf7-text wpcf7-validates-as-required form-control\" id=\"nombre\" aria-required=\"true\" aria-invalid=\"false\" placeholder=\"Nombre *\" value=\"\" type=\"text\" name=\"nombre\" \/><\/span>\n<\/div>\n\n<div class=\"form-group\">\n  <label for=\"email\" class=\"control-label hidden\">Email(*)<\/label>\n  <span class=\"wpcf7-form-control-wrap\" data-name=\"email\"><input size=\"40\" class=\"wpcf7-form-control wpcf7-text wpcf7-email wpcf7-validates-as-required wpcf7-validates-as-email form-control\" id=\"email\" aria-required=\"true\" aria-invalid=\"false\" placeholder=\"Email *\" value=\"\" type=\"email\" name=\"email\" \/><\/span>\n<\/div>\n\n<div class=\"form-group\">\n  <label for=\"empresa\" class=\"control-label hidden\">Empresa(*)<\/label>\n  <span class=\"wpcf7-form-control-wrap\" data-name=\"empresa\"><input size=\"40\" class=\"wpcf7-form-control wpcf7-text wpcf7-validates-as-required form-control\" id=\"empresa\" aria-required=\"true\" aria-invalid=\"false\" placeholder=\"Empresa *\" value=\"\" type=\"text\" name=\"empresa\" \/><\/span>\n<\/div>\n\n<div class=\"form-group\">\n  <label for=\"pais\" class=\"control-label hidden\">Pa\u00eds(*)<\/label>\n  <span class=\"wpcf7-form-control-wrap\" data-name=\"pais\"><input size=\"40\" class=\"wpcf7-form-control wpcf7-text wpcf7-validates-as-required form-control\" id=\"pais\" aria-required=\"true\" aria-invalid=\"false\" placeholder=\"Pa\u00eds *\" value=\"\" type=\"text\" name=\"pais\" \/><\/span>\n<\/div>\n\n<div class=\"form-group\">\n  <label for=\"telefono\" class=\"control-label hidden\">Tel\u00e9fono<\/label>\n  <span class=\"wpcf7-form-control-wrap\" data-name=\"telefono\"><input size=\"40\" class=\"wpcf7-form-control wpcf7-text wpcf7-tel wpcf7-validates-as-tel form-control\" id=\"telefono\" aria-invalid=\"false\" placeholder=\"Tel\u00e9fono\" value=\"\" type=\"tel\" name=\"telefono\" \/><\/span>\n<\/div>\n\n<div class=\"form-group\">\n  <label for=\"mensaje\" class=\"control-label hidden\">Mensaje(*)<\/label>\n  <span class=\"wpcf7-form-control-wrap\" data-name=\"mensaje\"><textarea cols=\"40\" rows=\"10\" class=\"wpcf7-form-control wpcf7-textarea wpcf7-validates-as-required form-control\" id=\"mensaje\" aria-required=\"true\" aria-invalid=\"false\" placeholder=\"Mensaje *\" name=\"mensaje\"><\/textarea><\/span>\n<\/div>\n<input class=\"wpcf7-form-control has-spinner wpcf7-submit btn btn-primary btn-block\" type=\"submit\" value=\"Enviar\" \/><p style=\"display: none !important;\"><label>&#916;<textarea name=\"_wpcf7_ak_hp_textarea\" cols=\"45\" rows=\"8\" maxlength=\"100\"><\/textarea><\/label><input type=\"hidden\" id=\"ak_js_1\" name=\"_wpcf7_ak_js\" value=\"61\"\/><script>document.getElementById( \"ak_js_1\" ).setAttribute( \"value\", ( new Date() ).getTime() );<\/script><\/p><div class=\"wpcf7-response-output\" aria-hidden=\"true\"><\/div>\n<\/form>\n<\/div>\n<\/div>\n","protected":false},"excerpt":{"rendered":"<p>Cont\u00e1ctenos escribi\u00e9ndonos a info@canosa.com.ar, llamando a los tel\u00e9fonos (54-11) 5252-2462 \/ 5252-2463 \u00f3 a trav\u00e9s del siguiente formulario:<\/p>\n","protected":false},"author":1,"featured_media":222,"parent":0,"menu_order":6,"comment_status":"closed","ping_status":"closed","template":"","meta":{"footnotes":""},"class_list":["post-22","page","type-page","status-publish","has-post-thumbnail","hentry"],"acf":[],"yoast_head":"<!-- This site is optimized with the Yoast SEO plugin v20.1 - https:\/\/yoast.com\/wordpress\/plugins\/seo\/ -->\n<title>Contacto | Canosa Abogados<\/title>\n<meta name=\"robots\" content=\"index, follow, max-snippet:-1, max-image-preview:large, max-video-preview:-1\" \/>\n<link rel=\"canonical\" href=\"https:\/\/canosa.com\/es\/contacto\/\" \/>\n<meta property=\"og:locale\" content=\"es_ES\" \/>\n<meta property=\"og:type\" content=\"article\" \/>\n<meta property=\"og:title\" content=\"Contacto | Canosa Abogados\" \/>\n<meta property=\"og:description\" content=\"Cont\u00e1ctenos escribi\u00e9ndonos a info@canosa.com.ar, llamando a los tel\u00e9fonos (54-11) 5252-2462 \/ 5252-2463 \u00f3 a trav\u00e9s del siguiente formulario:\" \/>\n<meta property=\"og:url\" content=\"https:\/\/canosa.com\/es\/contacto\/\" \/>\n<meta property=\"og:site_name\" content=\"Canosa Abogados\" \/>\n<meta property=\"article:modified_time\" content=\"2024-10-24T17:02:11+00:00\" \/>\n<meta property=\"og:image\" content=\"https:\/\/canosa.com\/app\/uploads\/plaza-republica.jpg\" \/>\n\t<meta property=\"og:image:width\" content=\"1\" \/>\n\t<meta property=\"og:image:height\" content=\"1\" \/>\n\t<meta property=\"og:image:type\" content=\"image\/jpeg\" \/>\n<meta name=\"twitter:label1\" content=\"Tiempo de lectura\" \/>\n\t<meta name=\"twitter:data1\" content=\"1 minuto\" \/>\n<script type=\"application\/ld+json\" class=\"yoast-schema-graph\">{\"@context\":\"https:\/\/schema.org\",\"@graph\":[{\"@type\":\"WebPage\",\"@id\":\"https:\/\/canosa.com\/es\/contacto\/\",\"url\":\"https:\/\/canosa.com\/es\/contacto\/\",\"name\":\"Contacto | Canosa Abogados\",\"isPartOf\":{\"@id\":\"https:\/\/canosa.com\/es\/#website\"},\"datePublished\":\"2012-11-27T21:11:10+00:00\",\"dateModified\":\"2024-10-24T17:02:11+00:00\",\"inLanguage\":\"es\",\"potentialAction\":[{\"@type\":\"ReadAction\",\"target\":[\"https:\/\/canosa.com\/es\/contacto\/\"]}]},{\"@type\":\"WebSite\",\"@id\":\"https:\/\/canosa.com\/es\/#website\",\"url\":\"https:\/\/canosa.com\/es\/\",\"name\":\"Canosa Abogados\",\"description\":\"Abogados\",\"potentialAction\":[{\"@type\":\"SearchAction\",\"target\":{\"@type\":\"EntryPoint\",\"urlTemplate\":\"https:\/\/canosa.com\/es\/?s={search_term_string}\"},\"query-input\":\"required name=search_term_string\"}],\"inLanguage\":\"es\"}]}<\/script>\n<!-- \/ Yoast SEO plugin. -->","yoast_head_json":{"title":"Contacto | Canosa Abogados","robots":{"index":"index","follow":"follow","max-snippet":"max-snippet:-1","max-image-preview":"max-image-preview:large","max-video-preview":"max-video-preview:-1"},"canonical":"https:\/\/canosa.com\/es\/contacto\/","og_locale":"es_ES","og_type":"article","og_title":"Contacto | Canosa Abogados","og_description":"Cont\u00e1ctenos escribi\u00e9ndonos a info@canosa.com.ar, llamando a los tel\u00e9fonos (54-11) 5252-2462 \/ 5252-2463 \u00f3 a trav\u00e9s del siguiente formulario:","og_url":"https:\/\/canosa.com\/es\/contacto\/","og_site_name":"Canosa Abogados","article_modified_time":"2024-10-24T17:02:11+00:00","og_image":[{"url":"https:\/\/canosa.com\/app\/uploads\/plaza-republica.jpg","width":1,"height":1,"type":"image\/jpeg"}],"twitter_misc":{"Tiempo de lectura":"1 minuto"},"schema":{"@context":"https:\/\/schema.org","@graph":[{"@type":"WebPage","@id":"https:\/\/canosa.com\/es\/contacto\/","url":"https:\/\/canosa.com\/es\/contacto\/","name":"Contacto | Canosa Abogados","isPartOf":{"@id":"https:\/\/canosa.com\/es\/#website"},"datePublished":"2012-11-27T21:11:10+00:00","dateModified":"2024-10-24T17:02:11+00:00","inLanguage":"es","potentialAction":[{"@type":"ReadAction","target":["https:\/\/canosa.com\/es\/contacto\/"]}]},{"@type":"WebSite","@id":"https:\/\/canosa.com\/es\/#website","url":"https:\/\/canosa.com\/es\/","name":"Canosa Abogados","description":"Abogados","potentialAction":[{"@type":"SearchAction","target":{"@type":"EntryPoint","urlTemplate":"https:\/\/canosa.com\/es\/?s={search_term_string}"},"query-input":"required name=search_term_string"}],"inLanguage":"es"}]}},"_links":{"self":[{"href":"https:\/\/canosa.com\/es\/wp-json\/wp\/v2\/pages\/22","targetHints":{"allow":["GET"]}}],"collection":[{"href":"https:\/\/canosa.com\/es\/wp-json\/wp\/v2\/pages"}],"about":[{"href":"https:\/\/canosa.com\/es\/wp-json\/wp\/v2\/types\/page"}],"author":[{"embeddable":true,"href":"https:\/\/canosa.com\/es\/wp-json\/wp\/v2\/users\/1"}],"replies":[{"embeddable":true,"href":"https:\/\/canosa.com\/es\/wp-json\/wp\/v2\/comments?post=22"}],"version-history":[{"count":25,"href":"https:\/\/canosa.com\/es\/wp-json\/wp\/v2\/pages\/22\/revisions"}],"predecessor-version":[{"id":5515,"href":"https:\/\/canosa.com\/es\/wp-json\/wp\/v2\/pages\/22\/revisions\/5515"}],"wp:featuredmedia":[{"embeddable":true,"href":"https:\/\/canosa.com\/es\/wp-json\/wp\/v2\/media\/222"}],"wp:attachment":[{"href":"https:\/\/canosa.com\/es\/wp-json\/wp\/v2\/media?parent=22"}],"curies":[{"name":"wp","href":"https:\/\/api.w.org\/{rel}","templated":true}]}}