{"id":4,"date":"2012-11-27T17:16:37","date_gmt":"2012-11-27T20:16:37","guid":{"rendered":"http:\/\/canosa.com\/?page_id=4"},"modified":"2024-03-19T12:24:19","modified_gmt":"2024-03-19T15:24:19","slug":"perfil-del-estudio","status":"publish","type":"page","link":"https:\/\/canosa.com\/es\/perfil-del-estudio\/","title":{"rendered":"Perfil del Estudio"},"content":{"rendered":"<p>Canosa Abogados es un estudio joven, formado por un grupo de diez abogados que se han destacado en distintas \u00e1reas del derecho en la Argentina desde hace m\u00e1s de quince a\u00f1os. Nuestros abogados brindan un asesoramiento que es oportuno, breve y muy \u00fatil. Nos destacamos por nuestra confiabilidad, seriedad y flexibilidad, lo que permite que nuestros clientes puedan tomar sus decisiones de manera r\u00e1pida y eficiente.<\/p>\n<p>Asesoramos a nuestros clientes en la redacci\u00f3n y negociaci\u00f3n de operaciones comerciales, as\u00ed como a todo tipo de compa\u00f1\u00edas nacionales y extranjeras en todas las vicisitudes legales que ocurren en la Argentina. Nuestro asesoramiento en materia de inversiones ha sido reconocido en diversas oportunidades por su celeridad en la resoluci\u00f3n de las vicisitudes propias de todas las transacciones relativas a la inversi\u00f3n extranjera.<\/p>\n<p>Asimismo, asesoramos diariamente a clientes extranjeros en todo tipo de transacciones societarias e inmobiliarias complejas como la compra de inmuebles y nos encargamos de todas las cuestiones conexas relacionadas con regulaciones del Banco Central y de la actividad notarial y societaria vinculada con las sociedades constituidas en el extranjero.<\/p>\n<p>Finalmente, es importante destacar que nuestro equipo tambi\u00e9n se desempe\u00f1a en la resoluci\u00f3n de controversias e intervenci\u00f3n en litigios civiles, comerciales, laborales y contencioso administrativos; as\u00ed como en mediaciones, conciliaciones y arbitraje. Adem\u00e1s, tenemos una amplia experiencia en cuestiones de propiedad intelectual, realizando tr\u00e1mites ante los organismos de inscripci\u00f3n de marcas y patentes en la Argentina y en Latinoam\u00e9rica, y en el \u00e1mbito del derecho ambiental, particularmente en lo que refiere en materia de energ\u00edas renovables.<\/p>\n","protected":false},"excerpt":{"rendered":"<p>Canosa Abogados es un estudio joven, formado por un grupo de diez abogados que se han destacado en distintas \u00e1reas del derecho en la Argentina desde hace m\u00e1s de quince a\u00f1os. Nuestros abogados brindan un asesoramiento que es oportuno, breve y muy \u00fatil. Nos destacamos por nuestra confiabilidad, seriedad y flexibilidad, lo que permite que &hellip; <a href=\"https:\/\/canosa.com\/es\/perfil-del-estudio\/\">Continued<\/a><\/p>\n","protected":false},"author":1,"featured_media":99,"parent":0,"menu_order":1,"comment_status":"closed","ping_status":"closed","template":"","meta":{"footnotes":""},"class_list":["post-4","page","type-page","status-publish","has-post-thumbnail","hentry"],"acf":[],"yoast_head":"<!-- This site is optimized with the Yoast SEO plugin v20.1 - https:\/\/yoast.com\/wordpress\/plugins\/seo\/ -->\n<title>Perfil del Estudio | Canosa Abogados<\/title>\n<meta name=\"description\" content=\"Somos un grupo de abogados j\u00f3venes destacados en distintas ramas del derecho en la Argentina.\" \/>\n<meta name=\"robots\" content=\"index, follow, max-snippet:-1, max-image-preview:large, max-video-preview:-1\" \/>\n<link rel=\"canonical\" href=\"https:\/\/canosa.com\/es\/perfil-del-estudio\/\" \/>\n<meta property=\"og:locale\" content=\"es_ES\" \/>\n<meta property=\"og:type\" content=\"article\" \/>\n<meta property=\"og:title\" content=\"Perfil del Estudio | Canosa Abogados\" \/>\n<meta property=\"og:description\" content=\"Somos un grupo de abogados j\u00f3venes destacados en distintas ramas del derecho en la Argentina.\" \/>\n<meta property=\"og:url\" content=\"https:\/\/canosa.com\/es\/perfil-del-estudio\/\" \/>\n<meta property=\"og:site_name\" content=\"Canosa Abogados\" \/>\n<meta property=\"article:modified_time\" content=\"2024-03-19T15:24:19+00:00\" \/>\n<meta property=\"og:image\" content=\"https:\/\/canosa.com\/app\/uploads\/perfil-estudio.jpg\" \/>\n\t<meta property=\"og:image:width\" content=\"1\" \/>\n\t<meta property=\"og:image:height\" content=\"1\" \/>\n\t<meta property=\"og:image:type\" content=\"image\/jpeg\" \/>\n<meta name=\"twitter:label1\" content=\"Tiempo de lectura\" \/>\n\t<meta name=\"twitter:data1\" content=\"2 minutos\" \/>\n<script type=\"application\/ld+json\" class=\"yoast-schema-graph\">{\"@context\":\"https:\/\/schema.org\",\"@graph\":[{\"@type\":\"WebPage\",\"@id\":\"https:\/\/canosa.com\/es\/perfil-del-estudio\/\",\"url\":\"https:\/\/canosa.com\/es\/perfil-del-estudio\/\",\"name\":\"Perfil del Estudio | Canosa Abogados\",\"isPartOf\":{\"@id\":\"https:\/\/canosa.com\/es\/#website\"},\"datePublished\":\"2012-11-27T20:16:37+00:00\",\"dateModified\":\"2024-03-19T15:24:19+00:00\",\"description\":\"Somos un grupo de abogados j\u00f3venes destacados en distintas ramas del derecho en la Argentina.\",\"inLanguage\":\"es\",\"potentialAction\":[{\"@type\":\"ReadAction\",\"target\":[\"https:\/\/canosa.com\/es\/perfil-del-estudio\/\"]}]},{\"@type\":\"WebSite\",\"@id\":\"https:\/\/canosa.com\/es\/#website\",\"url\":\"https:\/\/canosa.com\/es\/\",\"name\":\"Canosa Abogados\",\"description\":\"Abogados\",\"potentialAction\":[{\"@type\":\"SearchAction\",\"target\":{\"@type\":\"EntryPoint\",\"urlTemplate\":\"https:\/\/canosa.com\/es\/?s={search_term_string}\"},\"query-input\":\"required name=search_term_string\"}],\"inLanguage\":\"es\"}]}<\/script>\n<!-- \/ Yoast SEO plugin. -->","yoast_head_json":{"title":"Perfil del Estudio | Canosa Abogados","description":"Somos un grupo de abogados j\u00f3venes destacados en distintas ramas del derecho en la Argentina.","robots":{"index":"index","follow":"follow","max-snippet":"max-snippet:-1","max-image-preview":"max-image-preview:large","max-video-preview":"max-video-preview:-1"},"canonical":"https:\/\/canosa.com\/es\/perfil-del-estudio\/","og_locale":"es_ES","og_type":"article","og_title":"Perfil del Estudio | Canosa Abogados","og_description":"Somos un grupo de abogados j\u00f3venes destacados en distintas ramas del derecho en la Argentina.","og_url":"https:\/\/canosa.com\/es\/perfil-del-estudio\/","og_site_name":"Canosa Abogados","article_modified_time":"2024-03-19T15:24:19+00:00","og_image":[{"url":"https:\/\/canosa.com\/app\/uploads\/perfil-estudio.jpg","width":1,"height":1,"type":"image\/jpeg"}],"twitter_misc":{"Tiempo de lectura":"2 minutos"},"schema":{"@context":"https:\/\/schema.org","@graph":[{"@type":"WebPage","@id":"https:\/\/canosa.com\/es\/perfil-del-estudio\/","url":"https:\/\/canosa.com\/es\/perfil-del-estudio\/","name":"Perfil del Estudio | Canosa Abogados","isPartOf":{"@id":"https:\/\/canosa.com\/es\/#website"},"datePublished":"2012-11-27T20:16:37+00:00","dateModified":"2024-03-19T15:24:19+00:00","description":"Somos un grupo de abogados j\u00f3venes destacados en distintas ramas del derecho en la Argentina.","inLanguage":"es","potentialAction":[{"@type":"ReadAction","target":["https:\/\/canosa.com\/es\/perfil-del-estudio\/"]}]},{"@type":"WebSite","@id":"https:\/\/canosa.com\/es\/#website","url":"https:\/\/canosa.com\/es\/","name":"Canosa Abogados","description":"Abogados","potentialAction":[{"@type":"SearchAction","target":{"@type":"EntryPoint","urlTemplate":"https:\/\/canosa.com\/es\/?s={search_term_string}"},"query-input":"required name=search_term_string"}],"inLanguage":"es"}]}},"_links":{"self":[{"href":"https:\/\/canosa.com\/es\/wp-json\/wp\/v2\/pages\/4","targetHints":{"allow":["GET"]}}],"collection":[{"href":"https:\/\/canosa.com\/es\/wp-json\/wp\/v2\/pages"}],"about":[{"href":"https:\/\/canosa.com\/es\/wp-json\/wp\/v2\/types\/page"}],"author":[{"embeddable":true,"href":"https:\/\/canosa.com\/es\/wp-json\/wp\/v2\/users\/1"}],"replies":[{"embeddable":true,"href":"https:\/\/canosa.com\/es\/wp-json\/wp\/v2\/comments?post=4"}],"version-history":[{"count":24,"href":"https:\/\/canosa.com\/es\/wp-json\/wp\/v2\/pages\/4\/revisions"}],"predecessor-version":[{"id":5117,"href":"https:\/\/canosa.com\/es\/wp-json\/wp\/v2\/pages\/4\/revisions\/5117"}],"wp:featuredmedia":[{"embeddable":true,"href":"https:\/\/canosa.com\/es\/wp-json\/wp\/v2\/media\/99"}],"wp:attachment":[{"href":"https:\/\/canosa.com\/es\/wp-json\/wp\/v2\/media?parent=4"}],"curies":[{"name":"wp","href":"https:\/\/api.w.org\/{rel}","templated":true}]}}